{"id":4823,"date":"2019-07-12T15:48:20","date_gmt":"2019-07-12T13:48:20","guid":{"rendered":"https:\/\/emsic.net\/imprint\/"},"modified":"2019-07-12T15:48:20","modified_gmt":"2019-07-12T13:48:20","slug":"imprint","status":"publish","type":"page","link":"https:\/\/emsic.net\/en\/imprint\/","title":{"rendered":"Imprint"},"content":{"rendered":"<p>[et_pb_section fb_built=&#8221;1&#8243; _builder_version=&#8221;3.25.1&#8243; custom_padding=&#8221;0px||0px|||&#8221;][et_pb_row column_structure=&#8221;1_2,1_2&#8243; use_custom_gutter=&#8221;on&#8221; gutter_width=&#8221;1&#8243; custom_padding=&#8221;0px||0px|&#8221; make_equal=&#8221;on&#8221; module_class=&#8221; et_pb_row_fullwidth&#8221; _builder_version=&#8221;3.25.1&#8243; background_color=&#8221;#5ecefe&#8221; background_image=&#8221;http:\/\/emsic.net\/wp-content\/uploads\/2019\/06\/circle-background-pattern.png&#8221; background_position=&#8221;top_left&#8221; background_repeat=&#8221;repeat&#8221; width=&#8221;100%&#8221; width_tablet=&#8221;100%&#8221; width_last_edited=&#8221;on|desktop&#8221; max_width=&#8221;100%&#8221; max_width_tablet=&#8221;100%&#8221; max_width_last_edited=&#8221;on|desktop&#8221; animation_style=&#8221;slide&#8221; animation_direction=&#8221;top&#8221; animation_intensity_slide=&#8221;3%&#8221; make_fullwidth=&#8221;on&#8221;][et_pb_column type=&#8221;1_2&#8243; _builder_version=&#8221;3.25&#8243; custom_padding=&#8221;10%|8%|10%|8%&#8221; custom_padding__hover=&#8221;|||&#8221;][et_pb_text _builder_version=&#8221;3.25.4&#8243; text_font=&#8221;||||||||&#8221; header_font=&#8221;Montserrat|700||on|||||&#8221; header_text_color=&#8221;#f7f7f7&#8243; header_font_size=&#8221;60px&#8221; header_line_height=&#8221;1.3em&#8221; background_size=&#8221;initial&#8221; background_position=&#8221;top_left&#8221; background_repeat=&#8221;repeat&#8221; custom_margin=&#8221;||40px|&#8221; animation_style=&#8221;fade&#8221; header_font_size_phone=&#8221;30px&#8221; header_font_size_last_edited=&#8221;on|phone&#8221; locked=&#8221;off&#8221;]<\/p>\n<h1>IMPRINT<\/h1>\n<p>[\/et_pb_text][\/et_pb_column][et_pb_column type=&#8221;1_2&#8243; _builder_version=&#8221;3.25.1&#8243; background_position=&#8221;center_left&#8221; custom_padding=&#8221;|||&#8221; custom_padding__hover=&#8221;|||&#8221;][\/et_pb_column][\/et_pb_row][\/et_pb_section][et_pb_section fb_built=&#8221;1&#8243; custom_padding_last_edited=&#8221;off|desktop&#8221; admin_label=&#8221;Hero&#8221; _builder_version=&#8221;3.22.6&#8243; background_color_gradient_direction=&#8221;60deg&#8221; min_height=&#8221;293px&#8221; custom_padding=&#8221;50px|0px|0px|||&#8221;][et_pb_row _builder_version=&#8221;3.25.4&#8243;][et_pb_column type=&#8221;4_4&#8243; _builder_version=&#8221;3.25.4&#8243;][et_pb_text _builder_version=&#8221;3.25.4&#8243;]<strong>Responsible for content:<\/strong><\/p>\n<p>emSic\u00a0GmbH<\/p>\n<p>M\u00f6nchstr. 30<br \/>\n34431 Marsberg<\/p>\n<p>allein vertretungsberechtigte Gesch\u00e4ftsf\u00fchrer:<\/p>\n<p>Marc Scholand,<br \/>\nHelmut K\u00f6hler<\/p>\n<p><strong style=\"font-size: 14px;\">Design, Foto, Video, SEO Konzeption &amp; Programmierung<\/strong><\/p>\n<p>Prime Avenue GmbH<br \/>\nGrimbergstra\u00dfe 52<br \/>\n44797 Bochum<\/p>\n<p>&nbsp;<\/p>\n<p>&nbsp;[\/et_pb_text][\/et_pb_column][\/et_pb_row][\/et_pb_section]<\/p>\n","protected":false},"excerpt":{"rendered":"<p>IMPRINTResponsible for content: emSic\u00a0GmbH M\u00f6nchstr. 30 34431 Marsberg allein vertretungsberechtigte Gesch\u00e4ftsf\u00fchrer: Marc Scholand, Helmut K\u00f6hler Design, Foto, Video, SEO Konzeption &amp; Programmierung Prime Avenue GmbH Grimbergstra\u00dfe 52 44797 Bochum &nbsp; &nbsp;<\/p>\n","protected":false},"author":1,"featured_media":0,"parent":0,"menu_order":0,"comment_status":"closed","ping_status":"closed","template":"","meta":{"_et_pb_use_builder":"on","_et_pb_old_content":"","_et_gb_content_width":"","footnotes":""},"class_list":["post-4823","page","type-page","status-publish","hentry"],"yoast_head":"<!-- This site is optimized with the Yoast SEO plugin v27.2 - https:\/\/yoast.com\/product\/yoast-seo-wordpress\/ -->\n<title>Imprint<\/title>\n<meta name=\"description\" content=\"Responsible for the content: emSic GmbH M\u00f6nchstr. 30 34431 Marsberg. Only authorized directors: Marc Scholand, Helmut K\u00f6hler.\" \/>\n<meta name=\"robots\" content=\"index, follow, max-snippet:-1, max-image-preview:large, max-video-preview:-1\" \/>\n<link rel=\"canonical\" href=\"https:\/\/emsic.net\/en\/imprint\/\" \/>\n<meta property=\"og:locale\" content=\"en_US\" \/>\n<meta property=\"og:type\" content=\"article\" \/>\n<meta property=\"og:title\" content=\"Imprint\" \/>\n<meta property=\"og:description\" content=\"Responsible for the content: emSic GmbH M\u00f6nchstr. 30 34431 Marsberg. Only authorized directors: Marc Scholand, Helmut K\u00f6hler.\" \/>\n<meta property=\"og:url\" content=\"https:\/\/emsic.net\/en\/imprint\/\" \/>\n<meta property=\"og:site_name\" content=\"emSic\" \/>\n<meta name=\"twitter:card\" content=\"summary_large_image\" \/>\n<meta name=\"twitter:label1\" content=\"Est. reading time\" \/>\n\t<meta name=\"twitter:data1\" content=\"1 minute\" \/>\n<script type=\"application\/ld+json\" class=\"yoast-schema-graph\">{\"@context\":\"https:\/\/schema.org\",\"@graph\":[{\"@type\":\"WebPage\",\"@id\":\"https:\/\/emsic.net\/en\/imprint\/\",\"url\":\"https:\/\/emsic.net\/en\/imprint\/\",\"name\":\"Imprint\",\"isPartOf\":{\"@id\":\"https:\/\/emsic.net\/en\/#website\"},\"datePublished\":\"2019-07-12T13:48:20+00:00\",\"description\":\"Responsible for the content: emSic GmbH M\u00f6nchstr. 30 34431 Marsberg. Only authorized directors: Marc Scholand, Helmut K\u00f6hler.\",\"breadcrumb\":{\"@id\":\"https:\/\/emsic.net\/en\/imprint\/#breadcrumb\"},\"inLanguage\":\"en-US\",\"potentialAction\":[{\"@type\":\"ReadAction\",\"target\":[\"https:\/\/emsic.net\/en\/imprint\/\"]}]},{\"@type\":\"BreadcrumbList\",\"@id\":\"https:\/\/emsic.net\/en\/imprint\/#breadcrumb\",\"itemListElement\":[{\"@type\":\"ListItem\",\"position\":1,\"name\":\"Startseite\",\"item\":\"https:\/\/emsic.net\/en\/\"},{\"@type\":\"ListItem\",\"position\":2,\"name\":\"Imprint\"}]},{\"@type\":\"WebSite\",\"@id\":\"https:\/\/emsic.net\/en\/#website\",\"url\":\"https:\/\/emsic.net\/en\/\",\"name\":\"emSic\",\"description\":\"Software made in Germany\",\"potentialAction\":[{\"@type\":\"SearchAction\",\"target\":{\"@type\":\"EntryPoint\",\"urlTemplate\":\"https:\/\/emsic.net\/en\/?s={search_term_string}\"},\"query-input\":{\"@type\":\"PropertyValueSpecification\",\"valueRequired\":true,\"valueName\":\"search_term_string\"}}],\"inLanguage\":\"en-US\"}]}<\/script>\n<!-- \/ Yoast SEO plugin. -->","yoast_head_json":{"title":"Imprint","description":"Responsible for the content: emSic GmbH M\u00f6nchstr. 30 34431 Marsberg. Only authorized directors: Marc Scholand, Helmut K\u00f6hler.","robots":{"index":"index","follow":"follow","max-snippet":"max-snippet:-1","max-image-preview":"max-image-preview:large","max-video-preview":"max-video-preview:-1"},"canonical":"https:\/\/emsic.net\/en\/imprint\/","og_locale":"en_US","og_type":"article","og_title":"Imprint","og_description":"Responsible for the content: emSic GmbH M\u00f6nchstr. 30 34431 Marsberg. Only authorized directors: Marc Scholand, Helmut K\u00f6hler.","og_url":"https:\/\/emsic.net\/en\/imprint\/","og_site_name":"emSic","twitter_card":"summary_large_image","twitter_misc":{"Est. reading time":"1 minute"},"schema":{"@context":"https:\/\/schema.org","@graph":[{"@type":"WebPage","@id":"https:\/\/emsic.net\/en\/imprint\/","url":"https:\/\/emsic.net\/en\/imprint\/","name":"Imprint","isPartOf":{"@id":"https:\/\/emsic.net\/en\/#website"},"datePublished":"2019-07-12T13:48:20+00:00","description":"Responsible for the content: emSic GmbH M\u00f6nchstr. 30 34431 Marsberg. Only authorized directors: Marc Scholand, Helmut K\u00f6hler.","breadcrumb":{"@id":"https:\/\/emsic.net\/en\/imprint\/#breadcrumb"},"inLanguage":"en-US","potentialAction":[{"@type":"ReadAction","target":["https:\/\/emsic.net\/en\/imprint\/"]}]},{"@type":"BreadcrumbList","@id":"https:\/\/emsic.net\/en\/imprint\/#breadcrumb","itemListElement":[{"@type":"ListItem","position":1,"name":"Startseite","item":"https:\/\/emsic.net\/en\/"},{"@type":"ListItem","position":2,"name":"Imprint"}]},{"@type":"WebSite","@id":"https:\/\/emsic.net\/en\/#website","url":"https:\/\/emsic.net\/en\/","name":"emSic","description":"Software made in Germany","potentialAction":[{"@type":"SearchAction","target":{"@type":"EntryPoint","urlTemplate":"https:\/\/emsic.net\/en\/?s={search_term_string}"},"query-input":{"@type":"PropertyValueSpecification","valueRequired":true,"valueName":"search_term_string"}}],"inLanguage":"en-US"}]}},"_links":{"self":[{"href":"https:\/\/emsic.net\/en\/wp-json\/wp\/v2\/pages\/4823","targetHints":{"allow":["GET"]}}],"collection":[{"href":"https:\/\/emsic.net\/en\/wp-json\/wp\/v2\/pages"}],"about":[{"href":"https:\/\/emsic.net\/en\/wp-json\/wp\/v2\/types\/page"}],"author":[{"embeddable":true,"href":"https:\/\/emsic.net\/en\/wp-json\/wp\/v2\/users\/1"}],"replies":[{"embeddable":true,"href":"https:\/\/emsic.net\/en\/wp-json\/wp\/v2\/comments?post=4823"}],"version-history":[{"count":1,"href":"https:\/\/emsic.net\/en\/wp-json\/wp\/v2\/pages\/4823\/revisions"}],"predecessor-version":[{"id":4824,"href":"https:\/\/emsic.net\/en\/wp-json\/wp\/v2\/pages\/4823\/revisions\/4824"}],"wp:attachment":[{"href":"https:\/\/emsic.net\/en\/wp-json\/wp\/v2\/media?parent=4823"}],"curies":[{"name":"wp","href":"https:\/\/api.w.org\/{rel}","templated":true}]}}